{"id":19,"date":"2017-03-06T12:26:10","date_gmt":"2017-03-06T11:26:10","guid":{"rendered":"http:\/\/srv3:2188\/?page_id=19"},"modified":"2021-03-06T23:21:14","modified_gmt":"2021-03-06T22:21:14","slug":"about","status":"publish","type":"page","link":"https:\/\/www.ccostat.com\/index.php\/about\/","title":{"rendered":"About"},"content":{"rendered":"<p>The methodologies contained within <strong>CCOStat4<\/strong> were created by <strong>Serge BELLUT<\/strong>.<br \/>\nHe was Head of the Department for \u201cAdvanced Project Management and Quality Assurance\u201d then Senior Expert at the \u201cLaunchers Directorate\u201d, all with the CNES (National French Centre for Space Studies) for 34 years.<\/p>\n<p>Since 1985 <strong>Serge BELLUT<\/strong> has taught the various methods of Value Management in several specialized MBA courses in French Graduate Schools, and Cost Engineering within the framework of \u201cDesign to Cost\u201d at Paris IX Dauphine University.<\/p>\n<p>You will find fuller details of: Project Management, Design to Cost, Quality Assurance and Cost Estimating in various published books by <strong>Serge BELLUT<\/strong>, including the following:<\/p>\n<ul>\n<li>\u00ab La comp\u00e9titivit\u00e9 par la ma\u00eetrise des co\u00fbts &#8211; Conception \u00e0 Co\u00fbt Objectif et Analyse de la Valeur \u00bb<br \/>\n(Competitiveness through Design to Cost and Value Analysis) &#8211; AFNOR editor 1990 ;<\/li>\n<li>\u00ab Estimer le co\u00fbt d&#8217;un projet \u00bb<br \/>\n(Estimate the cost of a project) &#8211; Handbook, AFNOR editor collection \u201c\u00e0 savoir\u201d &#8211; 1995 and 2nd edition 2002 ;<\/li>\n<li>\u00ab Les processus de la d\u00e9cision &#8211; D\u00e9marches, m\u00e9thodes et outils \u00bb<br \/>\n(Decision making processes &#8211; Steps, methods and tools) &#8211; AFNOR edition 2002 ;<\/li>\n<li>\u00ab Les processus de la conception &#8211; ISO 9000 et performance \u00bb<br \/>\n \tThe processes of the design &#8211; ISO 9000 and performance \u201d) &#8211; AFNOR edition &#8211; 2004 ;<\/li>\n<li>\u00ab Ma\u00eetriser les co\u00fbts d&#8217;un projet &#8211; Le management par la valeur \u00bb Mastering the costs of a project \u2013 The Value Management) &#8211; AFNOR 3rd edition 2006 ;<\/li>\n<li>\u00ab Pourquoi \u00e7\u00e0 ne marche pas ? \u00c9liminer les racines du mal \u00bb<br \/>\n(Why doesn\u2019t it work ? Eliminate the roots of the evil) &#8211; AFNOR editor 2006 ;<\/li>\n<li>\u00ab S\u2019auditer pour progresser \u00bb<br \/>\n(The audit for continuous progressing) &#8211; Ellipses editor collection \u201coptimum pratique\u201d 2008 ;<\/li>\n<li>\u00ab Aider \u00e0 d\u00e9cider \u00bb<br \/>\n(The decision making aid) &#8211; AFNOR edition 2010.<\/li>\n<\/ul>\n<p>The software is developed and maintained by <strong>Axone Industries<\/strong>.<br \/>\nProject Manager\/Software Architect\u00a0: <strong>Alexandre DUBOIS<\/strong><\/p>\n<p align=\"right\"><script type=\"IN\/MemberProfile\" data-id=\"https:\/\/www.linkedin.com\/in\/alexandre-dubois-53901498\" data-format=\"inline\" data-related=\"false\"><\/script><script src=\"\/\/platform.linkedin.com\/in.js\" type=\"text\/javascript\"><\/script><\/p>\n","protected":false},"excerpt":{"rendered":"<p>The methodologies contained within CCOStat4 were created by Serge BELLUT. He was Head of the Department for \u201cAdvanced Project Management and Quality Assurance\u201d then Senior Expert at the \u201cLaunchers Directorate\u201d, all with the CNES (National French Centre for Space Studies) &hellip; <a href=\"https:\/\/www.ccostat.com\/index.php\/about\/\">Continue reading <span class=\"meta-nav\">&rarr;<\/span><\/a><\/p>\n","protected":false},"author":1,"featured_media":0,"parent":0,"menu_order":0,"comment_status":"closed","ping_status":"closed","template":"","meta":[],"yoast_head":"<!-- This site is optimized with the Yoast SEO plugin v17.1 - https:\/\/yoast.com\/wordpress\/plugins\/seo\/ -->\n<meta name=\"robots\" content=\"index, follow, max-snippet:-1, max-image-preview:large, max-video-preview:-1\" \/>\n<link rel=\"canonical\" href=\"https:\/\/www.ccostat.com\/index.php\/about\/\" \/>\n<meta property=\"og:locale\" content=\"en_US\" \/>\n<meta property=\"og:type\" content=\"article\" \/>\n<meta property=\"og:title\" content=\"About - CCOSTAT\" \/>\n<meta property=\"og:description\" content=\"The methodologies contained within CCOStat4 were created by Serge BELLUT. He was Head of the Department for \u201cAdvanced Project Management and Quality Assurance\u201d then Senior Expert at the \u201cLaunchers Directorate\u201d, all with the CNES (National French Centre for Space Studies) &hellip; Continue reading &rarr;\" \/>\n<meta property=\"og:url\" content=\"https:\/\/www.ccostat.com\/index.php\/about\/\" \/>\n<meta property=\"og:site_name\" content=\"CCOSTAT\" \/>\n<meta property=\"article:modified_time\" content=\"2021-03-06T22:21:14+00:00\" \/>\n<meta name=\"twitter:card\" content=\"summary_large_image\" \/>\n<meta name=\"twitter:label1\" content=\"Est. reading time\" \/>\n\t<meta name=\"twitter:data1\" content=\"1 minute\" \/>\n<script type=\"application\/ld+json\" class=\"yoast-schema-graph\">{\"@context\":\"https:\/\/schema.org\",\"@graph\":[{\"@type\":\"WebSite\",\"@id\":\"http:\/\/www.ccostat.com\/#website\",\"url\":\"http:\/\/www.ccostat.com\/\",\"name\":\"CCOSTAT\",\"description\":\"Cost Estimating Software\",\"potentialAction\":[{\"@type\":\"SearchAction\",\"target\":{\"@type\":\"EntryPoint\",\"urlTemplate\":\"http:\/\/www.ccostat.com\/?s={search_term_string}\"},\"query-input\":\"required name=search_term_string\"}],\"inLanguage\":\"en-US\"},{\"@type\":\"WebPage\",\"@id\":\"https:\/\/www.ccostat.com\/index.php\/about\/#webpage\",\"url\":\"https:\/\/www.ccostat.com\/index.php\/about\/\",\"name\":\"About - CCOSTAT\",\"isPartOf\":{\"@id\":\"http:\/\/www.ccostat.com\/#website\"},\"datePublished\":\"2017-03-06T11:26:10+00:00\",\"dateModified\":\"2021-03-06T22:21:14+00:00\",\"breadcrumb\":{\"@id\":\"https:\/\/www.ccostat.com\/index.php\/about\/#breadcrumb\"},\"inLanguage\":\"en-US\",\"potentialAction\":[{\"@type\":\"ReadAction\",\"target\":[\"https:\/\/www.ccostat.com\/index.php\/about\/\"]}]},{\"@type\":\"BreadcrumbList\",\"@id\":\"https:\/\/www.ccostat.com\/index.php\/about\/#breadcrumb\",\"itemListElement\":[{\"@type\":\"ListItem\",\"position\":1,\"name\":\"Home\",\"item\":\"http:\/\/www.ccostat.com\/\"},{\"@type\":\"ListItem\",\"position\":2,\"name\":\"About\"}]}]}<\/script>\n<!-- \/ Yoast SEO plugin. -->","yoast_head_json":{"robots":{"index":"index","follow":"follow","max-snippet":"max-snippet:-1","max-image-preview":"max-image-preview:large","max-video-preview":"max-video-preview:-1"},"canonical":"https:\/\/www.ccostat.com\/index.php\/about\/","og_locale":"en_US","og_type":"article","og_title":"About - CCOSTAT","og_description":"The methodologies contained within CCOStat4 were created by Serge BELLUT. He was Head of the Department for \u201cAdvanced Project Management and Quality Assurance\u201d then Senior Expert at the \u201cLaunchers Directorate\u201d, all with the CNES (National French Centre for Space Studies) &hellip; Continue reading &rarr;","og_url":"https:\/\/www.ccostat.com\/index.php\/about\/","og_site_name":"CCOSTAT","article_modified_time":"2021-03-06T22:21:14+00:00","twitter_card":"summary_large_image","twitter_misc":{"Est. reading time":"1 minute"},"schema":{"@context":"https:\/\/schema.org","@graph":[{"@type":"WebSite","@id":"http:\/\/www.ccostat.com\/#website","url":"http:\/\/www.ccostat.com\/","name":"CCOSTAT","description":"Cost Estimating Software","potentialAction":[{"@type":"SearchAction","target":{"@type":"EntryPoint","urlTemplate":"http:\/\/www.ccostat.com\/?s={search_term_string}"},"query-input":"required name=search_term_string"}],"inLanguage":"en-US"},{"@type":"WebPage","@id":"https:\/\/www.ccostat.com\/index.php\/about\/#webpage","url":"https:\/\/www.ccostat.com\/index.php\/about\/","name":"About - CCOSTAT","isPartOf":{"@id":"http:\/\/www.ccostat.com\/#website"},"datePublished":"2017-03-06T11:26:10+00:00","dateModified":"2021-03-06T22:21:14+00:00","breadcrumb":{"@id":"https:\/\/www.ccostat.com\/index.php\/about\/#breadcrumb"},"inLanguage":"en-US","potentialAction":[{"@type":"ReadAction","target":["https:\/\/www.ccostat.com\/index.php\/about\/"]}]},{"@type":"BreadcrumbList","@id":"https:\/\/www.ccostat.com\/index.php\/about\/#breadcrumb","itemListElement":[{"@type":"ListItem","position":1,"name":"Home","item":"http:\/\/www.ccostat.com\/"},{"@type":"ListItem","position":2,"name":"About"}]}]}},"_links":{"self":[{"href":"https:\/\/www.ccostat.com\/index.php\/wp-json\/wp\/v2\/pages\/19"}],"collection":[{"href":"https:\/\/www.ccostat.com\/index.php\/wp-json\/wp\/v2\/pages"}],"about":[{"href":"https:\/\/www.ccostat.com\/index.php\/wp-json\/wp\/v2\/types\/page"}],"author":[{"embeddable":true,"href":"https:\/\/www.ccostat.com\/index.php\/wp-json\/wp\/v2\/users\/1"}],"replies":[{"embeddable":true,"href":"https:\/\/www.ccostat.com\/index.php\/wp-json\/wp\/v2\/comments?post=19"}],"version-history":[{"count":12,"href":"https:\/\/www.ccostat.com\/index.php\/wp-json\/wp\/v2\/pages\/19\/revisions"}],"predecessor-version":[{"id":129,"href":"https:\/\/www.ccostat.com\/index.php\/wp-json\/wp\/v2\/pages\/19\/revisions\/129"}],"wp:attachment":[{"href":"https:\/\/www.ccostat.com\/index.php\/wp-json\/wp\/v2\/media?parent=19"}],"curies":[{"name":"wp","href":"https:\/\/api.w.org\/{rel}","templated":true}]}}